{"id":4306,"date":"2021-04-19T07:37:35","date_gmt":"2021-04-19T07:37:35","guid":{"rendered":"https:\/\/www.active-dive.com\/product\/seabob-f5sr\/"},"modified":"2021-05-18T10:38:18","modified_gmt":"2021-05-18T10:38:18","slug":"seabob-f5sr","status":"publish","type":"product","link":"https:\/\/www.active-dive.com\/en\/product\/seabob-f5sr\/","title":{"rendered":"SEABOB F5SR"},"content":{"rendered":"<p>High performance and many special features. The most powerful Seabob in the entire CAYAGO range with 10% more power and with the Seabob series of cams. SEABOB F5SR is the most exclusive propeller on the current market, you can experience how a dolphin moves. If you want power and exclusivity, SEABOB F5SR is your best option, get in touch with us and we will advise you.<\/p>\n","protected":false},"excerpt":{"rendered":"<p>High performance and many special features. The most powerful Seabob in the entire CAYAGO range with 10% more power and with the Seabob series of cams. SEABOB F5SR is the most exclusive propeller on the current market, you can experience how a dolphin moves. If you want power and exclusivity, SEABOB F5SR is your best option, get in touch with us and we will advise you.<\/p>\n","protected":false},"featured_media":3941,"comment_status":"open","ping_status":"closed","template":"","meta":[],"yoast_head":"<!-- This site is optimized with the Yoast SEO Premium plugin v16.2 - https:\/\/yoast.com\/wordpress\/plugins\/seo\/ -->\n<title>Scooter submarino SEABOB F5SR | Active Dive Juguetes de lujo<\/title>\n<meta name=\"description\" content=\"SEABOB F5SR es la h\u00e9lice m\u00e1s exclusiva del mercado actual, puedes experimentar c\u00f3mo se mueve un delf\u00edn. Exclusividad SEABOB F5 SR\" \/>\n<meta name=\"robots\" content=\"index, follow, max-snippet:-1, max-image-preview:large, max-video-preview:-1\" \/>\n<link rel=\"canonical\" href=\"https:\/\/www.active-dive.com\/en\/product\/seabob-f5sr\/\" \/>\n<meta property=\"og:locale\" content=\"en_US\" \/>\n<meta property=\"og:type\" content=\"article\" \/>\n<meta property=\"og:title\" content=\"Scooter submarino SEABOB F5SR | Active Dive Juguetes de lujo\" \/>\n<meta property=\"og:description\" content=\"SEABOB F5SR es la h\u00e9lice m\u00e1s exclusiva del mercado actual, puedes experimentar c\u00f3mo se mueve un delf\u00edn. Exclusividad SEABOB F5 SR\" \/>\n<meta property=\"og:url\" content=\"https:\/\/www.active-dive.com\/en\/product\/seabob-f5sr\/\" \/>\n<meta property=\"article:publisher\" content=\"https:\/\/www.facebook.com\/ActiveDiveIbiza\" \/>\n<meta property=\"article:modified_time\" content=\"2021-05-18T10:38:18+00:00\" \/>\n<meta property=\"og:image\" content=\"https:\/\/www.active-dive.com\/wp-content\/uploads\/2021\/04\/seabob-f5sr.jpg\" \/>\n\t<meta property=\"og:image:width\" content=\"800\" \/>\n\t<meta property=\"og:image:height\" content=\"785\" \/>\n<meta name=\"twitter:card\" content=\"summary_large_image\" \/>\n<meta name=\"twitter:label1\" content=\"Est. reading time\">\n\t<meta name=\"twitter:data1\" content=\"1 minute\">\n<script type=\"application\/ld+json\" class=\"yoast-schema-graph\">{\"@context\":\"https:\/\/schema.org\",\"@graph\":[{\"@type\":\"Organization\",\"@id\":\"https:\/\/www.active-dive.com\/#organization\",\"name\":\"Tours, Diving, Water Sports, and Private Boat Experiences in Ibiza\",\"url\":\"https:\/\/www.active-dive.com\/\",\"sameAs\":[\"https:\/\/www.facebook.com\/ActiveDiveIbiza\",\"https:\/\/www.instagram.com\/explore\/locations\/846411127\/active-dive-ibiza\/\"],\"logo\":{\"@type\":\"ImageObject\",\"@id\":\"https:\/\/www.active-dive.com\/#logo\",\"inLanguage\":\"en-US\",\"url\":\"https:\/\/www.active-dive.com\/wp-content\/uploads\/2019\/03\/Active-dive-Team.jpg\",\"contentUrl\":\"https:\/\/www.active-dive.com\/wp-content\/uploads\/2019\/03\/Active-dive-Team.jpg\",\"width\":1000,\"height\":938,\"caption\":\"Tours, Diving, Water Sports, and Private Boat Experiences in Ibiza\"},\"image\":{\"@id\":\"https:\/\/www.active-dive.com\/#logo\"}},{\"@type\":\"WebSite\",\"@id\":\"https:\/\/www.active-dive.com\/#website\",\"url\":\"https:\/\/www.active-dive.com\/\",\"name\":\"active-dive.com\",\"description\":\"\",\"publisher\":{\"@id\":\"https:\/\/www.active-dive.com\/#organization\"},\"potentialAction\":[{\"@type\":\"SearchAction\",\"target\":\"https:\/\/www.active-dive.com\/?s={search_term_string}\",\"query-input\":\"required name=search_term_string\"}],\"inLanguage\":\"en-US\"},{\"@type\":\"ImageObject\",\"@id\":\"https:\/\/www.active-dive.com\/en\/product\/seabob-f5sr\/#primaryimage\",\"inLanguage\":\"en-US\",\"url\":\"https:\/\/www.active-dive.com\/wp-content\/uploads\/2021\/04\/seabob-f5sr.jpg\",\"contentUrl\":\"https:\/\/www.active-dive.com\/wp-content\/uploads\/2021\/04\/seabob-f5sr.jpg\",\"width\":800,\"height\":785},{\"@type\":\"WebPage\",\"@id\":\"https:\/\/www.active-dive.com\/en\/product\/seabob-f5sr\/#webpage\",\"url\":\"https:\/\/www.active-dive.com\/en\/product\/seabob-f5sr\/\",\"name\":\"Scooter submarino SEABOB F5SR | Active Dive Juguetes de lujo\",\"isPartOf\":{\"@id\":\"https:\/\/www.active-dive.com\/#website\"},\"primaryImageOfPage\":{\"@id\":\"https:\/\/www.active-dive.com\/en\/product\/seabob-f5sr\/#primaryimage\"},\"datePublished\":\"2021-04-19T07:37:35+00:00\",\"dateModified\":\"2021-05-18T10:38:18+00:00\",\"description\":\"SEABOB F5SR es la h\\u00e9lice m\\u00e1s exclusiva del mercado actual, puedes experimentar c\\u00f3mo se mueve un delf\\u00edn. Exclusividad SEABOB F5 SR\",\"breadcrumb\":{\"@id\":\"https:\/\/www.active-dive.com\/en\/product\/seabob-f5sr\/#breadcrumb\"},\"inLanguage\":\"en-US\",\"potentialAction\":[{\"@type\":\"ReadAction\",\"target\":[\"https:\/\/www.active-dive.com\/en\/product\/seabob-f5sr\/\"]}]},{\"@type\":\"BreadcrumbList\",\"@id\":\"https:\/\/www.active-dive.com\/en\/product\/seabob-f5sr\/#breadcrumb\",\"itemListElement\":[{\"@type\":\"ListItem\",\"position\":1,\"item\":{\"@type\":\"WebPage\",\"@id\":\"https:\/\/www.active-dive.com\/en\/\",\"url\":\"https:\/\/www.active-dive.com\/en\/\",\"name\":\"Portada\"}},{\"@type\":\"ListItem\",\"position\":2,\"item\":{\"@type\":\"WebPage\",\"@id\":\"https:\/\/www.active-dive.com\/en\/store\/\",\"url\":\"https:\/\/www.active-dive.com\/en\/store\/\",\"name\":\"Tienda\"}},{\"@type\":\"ListItem\",\"position\":3,\"item\":{\"@id\":\"https:\/\/www.active-dive.com\/en\/product\/seabob-f5sr\/#webpage\"}}]}]}<\/script>\n<!-- \/ Yoast SEO Premium plugin. -->","_links":{"self":[{"href":"https:\/\/www.active-dive.com\/en\/wp-json\/wp\/v2\/product\/4306"}],"collection":[{"href":"https:\/\/www.active-dive.com\/en\/wp-json\/wp\/v2\/product"}],"about":[{"href":"https:\/\/www.active-dive.com\/en\/wp-json\/wp\/v2\/types\/product"}],"replies":[{"embeddable":true,"href":"https:\/\/www.active-dive.com\/en\/wp-json\/wp\/v2\/comments?post=4306"}],"wp:featuredmedia":[{"embeddable":true,"href":"https:\/\/www.active-dive.com\/en\/wp-json\/wp\/v2\/media\/3941"}],"wp:attachment":[{"href":"https:\/\/www.active-dive.com\/en\/wp-json\/wp\/v2\/media?parent=4306"}],"curies":[{"name":"wp","href":"https:\/\/api.w.org\/{rel}","templated":true}]}}